{"id":12367,"date":"2021-02-04T15:28:24","date_gmt":"2021-02-04T15:28:24","guid":{"rendered":"https:\/\/officinemeccanichezanatta.com\/product\/zahnstangen-von-qualitaet-8-mit-geraden-zaehnen-und-gefraesten-oberflaechen\/"},"modified":"2021-08-06T09:39:10","modified_gmt":"2021-08-06T09:39:10","slug":"zahnstangen-von-qualitaet-8-mit-geraden-zaehnen-und-gefraesten-oberflaechen","status":"publish","type":"product","link":"https:\/\/officinemeccanichezanatta.com\/de\/product\/zahnstangen-von-qualitaet-8-mit-geraden-zaehnen-und-gefraesten-oberflaechen\/","title":{"rendered":"Zahnstangen von Qualit\u00e4t 8 mit geraden Z\u00e4hnen und gefr\u00e4sten Oberfl\u00e4chen"},"content":{"rendered":"<p>[vc_row column_spacing=&#8220;40&#8243; css=&#8220;.vc_custom_1610572117774{background-position: center !important;background-repeat: no-repeat !important;background-size: cover !important;}&#8220;][vc_column][vc_row_inner css=&#8220;.vc_custom_1610571240194{margin-right: 10px !important;margin-left: 10px !important;}&#8220;][vc_column_inner el_class=&#8220;cremagliera-standard-bianca-margin-bottom&#8220; width=&#8220;1\/2&#8243; css=&#8220;.vc_custom_1610813403002{padding-right: 20px !important;padding-left: 20px !important;}&#8220;][vc_column_text css=&#8220;.vc_custom_1612517146498{border-top-width: 1px !important;border-right-width: 1px !important;border-bottom-width: 1px !important;border-left-width: 1px !important;padding-top: 30px !important;padding-right: 20px !important;padding-bottom: 30px !important;padding-left: 20px !important;background-color: #ffffff !important;border-left-color: #253165 !important;border-left-style: solid !important;border-right-color: #253165 !important;border-right-style: solid !important;border-top-color: #253165 !important;border-top-style: solid !important;border-bottom-color: #253165 !important;border-bottom-style: solid !important;}&#8220; el_class=&#8220;cremagliera-bianca-header&#8220;]<\/p>\n<div class=\"image-wrap\"><a href=\"#scroll-anchor-pulsante-cremagliera-standard\"><img decoding=\"async\" alt=\"image\" src=\"https:\/\/officinemeccanichezanatta.com\/wp-content\/uploads\/2019\/05\/icona-blu_standard.png\" class=\"img_prod_a\" width=\"45\" \/>Standard Zahnstangenk<\/a><\/div>\n<p>[\/vc_column_text][vc_raw_js]JTNDc2NyaXB0JTNFJTBBJTIwJTIwalF1ZXJ5JTI4JTI0JTIwJTNEJTNFJTIwJTdCJTBBJTIwJTIwJTIwJTIwJTJGJTJGJTIwVGhlJTIwc3BlZWQlMjBvZiUyMHRoZSUyMHNjcm9sbCUyMGluJTIwbWlsbGlzZWNvbmRzJTBBJTIwJTIwJTIwJTIwY29uc3QlMjBzcGVlZCUyMCUzRCUyMDUwMCUzQiUwQSUwQSUyMCUyMCUyMCUyMCUyNCUyOCUyN2ElNUJocmVmJTJBJTNEJTIyJTIzJTIyJTVEJTI3JTI5JTBBJTIwJTIwJTIwJTIwJTIwJTIwLmZpbHRlciUyOCUyOGklMkMlMjBhJTI5JTIwJTNEJTNFJTIwYS5nZXRBdHRyaWJ1dGUlMjglMjdocmVmJTI3JTI5LnN0YXJ0c1dpdGglMjglMjclMjMlMjclMjklMjAlN0MlN0MlMjBhLmhyZWYuc3RhcnRzV2l0aCUyOCU2MCUyNCU3QmxvY2F0aW9uLmhyZWYlN0QlMjMlNjAlMjklMjklMEElMjAlMjAlMjAlMjAlMjAlMjAudW5iaW5kJTI4JTI3Y2xpY2suc21vb3RoU2Nyb2xsJTI3JTI5JTBBJTIwJTIwJTIwJTIwJTIwJTIwLmJpbmQlMjglMjdjbGljay5zbW9vdGhTY3JvbGwlMjclMkMlMjBldmVudCUyMCUzRCUzRSUyMCU3QiUwQSUyMCUyMCUyMCUyMCUyMCUyMCUyMCUyMGNvbnN0JTIwdGFyZ2V0SWQlMjAlM0QlMjBldmVudC5jdXJyZW50VGFyZ2V0LmdldEF0dHJpYnV0ZSUyOCUyN2hyZWYlMjclMjkuc3BsaXQlMjglMjclMjMlMjclMjklNUIxJTVEJTNCJTBBJTIwJTIwJTIwJTIwJTIwJTIwJTIwJTIwY29uc3QlMjB0YXJnZXRFbGVtZW50JTIwJTNEJTIwZG9jdW1lbnQuZ2V0RWxlbWVudEJ5SWQlMjh0YXJnZXRJZCUyOSUzQiUwQSUwQSUyMCUyMCUyMCUyMCUyMCUyMCUyMCUyMGlmJTIwJTI4dGFyZ2V0RWxlbWVudCUyOSUyMCU3QiUwQSUyMCUyMCUyMCUyMCUyMCUyMCUyMCUyMCUyMCUyMGV2ZW50LnByZXZlbnREZWZhdWx0JTI4JTI5JTNCJTBBJTIwJTIwJTIwJTIwJTIwJTIwJTIwJTIwJTIwJTIwJTI0JTI4JTI3aHRtbCUyQyUyMGJvZHklMjclMjkuYW5pbWF0ZSUyOCU3QiUyMHNjcm9sbFRvcCUzQSUyMCUyNCUyOHRhcmdldEVsZW1lbnQlMjkub2Zmc2V0JTI4JTI5LnRvcCUyMCU3RCUyQyUyMHNwZWVkJTI5JTNCJTBBJTIwJTIwJTIwJTIwJTIwJTIwJTIwJTIwJTdEJTBBJTIwJTIwJTIwJTIwJTIwJTIwJTdEJTI5JTNCJTBBJTIwJTIwJTdEJTI5JTNCJTBBJTNDJTJGc2NyaXB0JTNF[\/vc_raw_js][\/vc_column_inner][vc_column_inner el_class=&#8220;cremagliera-blu-header&#8220; width=&#8220;1\/2&#8243; css=&#8220;.vc_custom_1611683884250{padding-right: 20px !important;padding-left: 20px !important;}&#8220;][vc_column_text css=&#8220;.vc_custom_1628242739382{border-top-width: 1px !important;border-right-width: 1px !important;border-bottom-width: 1px !important;border-left-width: 1px !important;padding-top: 30px !important;padding-right: 20px !important;padding-bottom: 30px !important;padding-left: 20px !important;background-color: #253165 !important;border-left-color: #253165 !important;border-left-style: solid !important;border-right-color: #253165 !important;border-right-style: solid !important;border-top-color: #253165 !important;border-top-style: solid !important;border-bottom-color: #253165 !important;border-bottom-style: solid !important;}&#8220; el_class=&#8220;cremagliera-blu-header&#8220;]<\/p>\n<div class=\"image-wrap\"><img decoding=\"async\" alt=\"image\" src=\"https:\/\/officinemeccanichezanatta.com\/wp-content\/uploads\/2019\/05\/icona-bianca_personalizzata.png\" class=\"img_prod_b\" width=\"45\" \/><a class=\"tagmanager-cremagliera-personalizzata\" href=\"https:\/\/zanatta.partcommunity.com?info=zanatta%2Fspecial%2Fquadre%5Fpiatte%5Fasmtab%2Eprj\" target=\"_blank\" rel=\"noopener\">Personalisiertes Zahnstangen<\/a><\/div>\n<p>[\/vc_column_text][\/vc_column_inner][\/vc_row_inner][\/vc_column][\/vc_row][vc_row fullwidth=&#8220;yes&#8220; el_id=&#8220;scroll-anchor-pulsante-cremagliera-standard&#8220;][vc_column][vc_empty_space height=&#8220;60px&#8220;][vc_single_image image=&#8220;11522&#8243; alignment=&#8220;center&#8220;][vc_empty_space height=&#8220;50px&#8220;][vc_row_inner][vc_column_inner width=&#8220;2\/3&#8243;][vc_column_text css=&#8220;.vc_custom_1612798143389{padding-bottom: 30px !important;}&#8220;]<\/p>\n<div class=\"titolo_dettaglio\">\n<h1><strong>Zahnstangen von Qualit\u00e4t 8<\/strong> mit geraden Z\u00e4hnen und gefr\u00e4sten Oberfl\u00e4chen<\/h1>\n<\/div>\n<p>[\/vc_column_text][vc_empty_space height=&#8220;5px&#8220;][vc_column_text]<\/p>\n<div class=\"bauer-text\">Vollst\u00e4ndig geschliffene Pr\u00e4zisionsgestelle w\u00e4rmebehandelt (Art der Behandlung je nach Qualit\u00e4t des gew\u00fcnschten Materials variabel), empfohlen f\u00fcr Pr\u00e4zision und Stille.<\/div>\n<p>[\/vc_column_text][vc_empty_space height=&#8220;30px&#8220;][vc_single_image image=&#8220;11525&#8243; alignment=&#8220;center&#8220; onclick=&#8220;link_image&#8220;][vc_empty_space height=&#8220;30px&#8220;][vc_column_text]<span class=\"sp-tab__shortcode-selectable\"><div id=\"sp-tabpro-wrapper_12470\" class=\"sp-tab__lay-default sp-tab__default-vertical-left tab-layout-vertical\" data-preloader=\"1\" data-activemode=\"tabs-activator-event-click\" data-autoplaytime=\"3000\" data-valignfill=\"\"><div class=\"sp-tab__preloader\">\n\t\t<div class=\"sp-tab__spinner\">\n\t\t\t<div class=\"rect1\"><\/div>\n\t\t\t<div class=\"rect2\"><\/div>\n\t\t\t<div class=\"rect3\"><\/div>\n\t\t\t<div class=\"rect4\"><\/div>\n\t\t\t<div class=\"rect5\"><\/div>\n\t\t<\/div>\n\t<\/div><ul class=\"sp-tab__nav sp-tab__nav-tabs\" id=\"sp-tab__ul\" role=\"tablist\"><li class=\"sp-tab__nav-item\"><label class=\"sp-tab__nav-link sp-tab__active\" data-toggle=\"tab\" for=\"#tab-124701\" role=\"sptab\" aria-controls=\"tab-124701\" aria-selected=\"false\"><span class=\"tab_title_area\"><H4 class=\"sp-tab__tab_title\">Vorteile<\/H4><\/span><\/label><\/li><li class=\"sp-tab__nav-item\"><label class=\"sp-tab__nav-link\" data-toggle=\"tab\" for=\"#tab-124702\" role=\"sptab\" aria-controls=\"tab-124702\" aria-selected=\"false\"><span class=\"tab_title_area\"><H4 class=\"sp-tab__tab_title\">Material<\/H4><\/span><\/label><\/li><li class=\"sp-tab__nav-item\"><label class=\"sp-tab__nav-link\" data-toggle=\"tab\" for=\"#tab-124703\" role=\"sptab\" aria-controls=\"tab-124703\" aria-selected=\"false\"><span class=\"tab_title_area\"><H4 class=\"sp-tab__tab_title\">Technische Daten<\/H4><\/span><\/label><\/li><li class=\"sp-tab__nav-item\"><a class=\"sp-tab__nav-link\" href=\"https:\/\/zanatta.partcommunity.com?info=zanatta%2Fstandard%2Fdenti%5Fdritti%2Fqualita8%2Fq8%5Fsenza%5Ffori%2Eprj\" target=\"_blank\" rel=\"noopener\"><span class=\"tab_title_area\"><H4 class=\"sp-tab__tab_title\">3D Design<\/H4><\/span><\/a><\/li><\/ul>\n<div class=\"sp-tab__tab-content\"><div class=\"sp-tab__tab-pane sp-tab__show sp-tab__active\" id=\"tab-124701\" role=\"tabpanel\" >\n\t\t\t\t<div class=\"animated fadeIn\"><p>Geeignet f\u00fcr Anwendungen wie:<br \/>\n- Bring ihnen<br \/>\n- Manipulatoren<br \/>\n- Pr\u00e4zise Linearantriebe, bei denen eine hohe Ger\u00e4uschentwicklung erforderlich ist<\/p>\n<\/div>\n\t\t\t<\/div><div class=\"sp-tab__tab-pane \" id=\"tab-124702\" role=\"tabpanel\" >\n\t\t\t\t<div class=\"animated fadeIn\"><p>Erh\u00e4ltlich in folgenden Materialien \/ W\u00e4rmebehandlungen:<br \/>\n<em>Materialkennung<\/em><br \/>\nCRAA = C45<br \/>\nCRA7 = C45 zur\u00fcckgefordert<br \/>\nCRD0 = 42CrMo4 zur\u00fcckgefordert<br \/>\nCRBB = 39NiCrMo3 zur\u00fcckgefordert<\/p>\n<\/div>\n\t\t\t<\/div><div class=\"sp-tab__tab-pane \" id=\"tab-124703\" role=\"tabpanel\" >\n\t\t\t\t<div class=\"animated fadeIn\"><p>Fehler bei der Summe der Schritte &lt;= 0,06 mm \/ mt<br \/>\nSehnenst\u00e4rketoleranz + 0 \/ -0,081 mm<\/p>\n<\/div>\n\t\t\t<\/div><div class=\"sp-tab__tab-pane \" id=\"tab-124704\" role=\"tabpanel\" >\n\t\t\t\t<div class=\"animated fadeIn\"><p>Die <strong> 3D-Zeichnung <\/strong> des Zahnstangen wird in K\u00fcrze verf\u00fcgbar sein.<\/p>\n<p>F\u00fcr weitere Informationen k\u00f6nnen Sie uns uns unter <a href=\"mailto:zanatta@zanatta.it\">zanatta@zanatta.it<\/a> oder uns eine E-Mail an <a href=\"tel:+390423620311\">+39 0423.620311<\/a><\/p>\n<\/div>\n\t\t\t<\/div><\/div>\n<\/div><style type=\"text\/css\">#sp-tabpro-wrapper_12470.sp-tab__default-vertical-left {\n\t\t\tdisplay: flex;\n\t\t}\n\t\t#sp-tabpro-wrapper_12470.sp-tab__lay-default.sp-tab__default-vertical-left ul {\n\t\t\tborder-bottom: none;\n\t\t\tmargin-top: 0px;\n\t\t\tdisplay: flex;\n\t\t\tflex-flow: column nowrap;\n\t\t\tz-index: 9;\n\t\t\tmargin-right: -px;\n\t\t}\n\t\t#sp-tabpro-wrapper_12470.sp-tab__lay-default.sp-tab__default-vertical-left ul > li > label {\n\t\t\twhite-space: nowrap;\n\t\t\tborder-radius: 0;\n\t\t}\n\t\t#sp-tabpro-wrapper_12470.sp-tab__lay-default.sp-tab__default-vertical-left ul .sp-tab__nav-item {\n\t\t\tmargin-right: 0;\n\t\t}\n\t\t#sp-tabpro-wrapper_12470.sp-tab__lay-default.sp-tab__default-vertical-left ul > li > label.sp-tab__active {\n\t\t\tborder-right: none;\n\t\t\tborder-bottom-color: transparent;\n\t\t}\n\t\t#sp-tabpro-wrapper_12470.sp-tab__lay-default.sp-tab__default-vertical-left .sp-tab__tab-content > .sp-tab__tab-pane {\n\t\t\tborder-top: px solid #cccccc;\n\t\t}\n\t\t#sp-tabpro-wrapper_12470.sp-tab__lay-default.sp-tab__default-vertical-left ul > li > label,\n\t\t#sp-tabpro-wrapper_12470.sp-tab__lay-default.sp-tab__default-vertical-left ul > li > a,\n\t\t#sp-tabpro-wrapper_12470.sp-tab__lay-default.sp-tab__default-vertical-left ul .sp-tab__nav-item {\n\t\t\tborder-top-left-radius: px;\n\t\t\tborder-top-right-radius: 0 !important;\n\t\t\tborder-bottom-left-radius: px;\n\t\t}\n\t\t#sp-tabpro-wrapper_12470.sp-tab__lay-default.sp-tab__default-vertical-left .sp-tab__nav-tabs .sp-tab__nav-item {\n\t\t\tmargin-bottom: 4px;\n\t\t}@media(max-width:480px) {\n\t\t\t#sp-tabpro-wrapper_12470.sp-tab__lay-default.sp-tab__default-vertical-left,\n\t\t\t#sp-tabpro-wrapper_12470.sp-tab__lay-default.sp-tab__default-vertical-right {\n\t\t\t\tdisplay: block;\n\t\t\t}\n\t\t\t#sp-tabpro-wrapper_12470.sp-tab__lay-default.sp-tab__default-vertical-left ul {\n\t\t\t\tmargin-right: 0;\n\t\t\t}\n\t\t\t#sp-tabpro-wrapper_12470.sp-tab__lay-default.sp-tab__default-vertical-right ul {\n\t\t\t\tmargin-left: 0;\n\t\t\t}\n\t\t\t#sp-tabpro-wrapper_12470.sp-tab__lay-default.sp-tab__default-vertical-left ul > li > label.sp-tab__active {\n\t\t\t\tborder-right: px solid transparent;\n\t\t\t}\n\t\t\t#sp-tabpro-wrapper_12470.sp-tab__lay-default.sp-tab__default-vertical-right ul > li > label.sp-tab__active {\n\t\t\t\tborder-left: px solid transparent;\n\t\t\t}}#sp-tabpro-wrapper_12470 .sp-tab__nav-tabs .sp-tab__nav-link.sp-tab__active .sp-tab__tab_title {\n\t\tcolor: #ffffff;\n\t}\n\t#sp-tabpro-wrapper_12470 .sp-tab__nav-tabs .sp-tab__nav-item.show .sp-tab__nav-link,\n\t#sp-tabpro-wrapper_12470 .sp-tab__nav-tabs .sp-tab__nav-item .sp-tab__nav-link.sp-tab__active {\n\t\tbackground-color: #253165;\n\t}\n\n\t#sp-tabpro-wrapper_12470 .sp-tab__nav-tabs .sp-tab__nav-item.show .sp-tab__nav-link,\n\t#sp-tabpro-wrapper_12470.sp-tab__lay-default ul > li > label.sp-tab__active {\n\t\tborder-color: transparenttransparent transparent;\n\t}\n\n\t#sp-tabpro-wrapper_12470.sp-tab__lay-default ul > li > label,\n\t#sp-tabpro-wrapper_12470.sp-tab__lay-default ul > li > a {\n\t\tcursor: pointer;\n\t\tborder-color: transparent;\n\t\tpadding-top: 12px;\n\t\tpadding-right: 15px;\n\t\tpadding-bottom: 12px;\n\t\tpadding-left: 15px;\n\t}\n\n\t#sp-tabpro-wrapper_12470 .sp-tab__nav-tabs .sp-tab__nav-link {\n\t\tborder: px solid transparent;\n\t\theight: 100%;\n\t}\n\n\t#sp-tabpro-wrapper_12470.sp-tab__lay-default ul > li > label,\n\t#sp-tabpro-wrapper_12470.sp-tab__lay-default ul > li > a,\n\t#sp-tabpro-wrapper_12470.sp-tab__lay-default ul .sp-tab__nav-item {\n\t\tborder-top-left-radius: px;\n\t\tborder-top-right-radius: px;\n\t}#sp-tabpro-wrapper_12470 .sp-tab__nav-tabs .sp-tab__nav-item {\n    margin-bottom: -px; }#sp-tabpro-wrapper_12470.sp-tab__lay-default ul .sp-tab__nav-item {\n\tbackground-color: #f7f9fa;\n\tmargin-right: 4px;\n}\n#sp-tabpro-wrapper_12470.sp-tab__lay-default ul .sp-tab__nav-item:last-child {\n  margin-right: 0;\n}\n\n#sp-tabpro-wrapper_12470.sp-tab__lay-default ul .sp-tab__nav-item label:hover .sp-tab__tab_title,\n#sp-tabpro-wrapper_12470.sp-tab__lay-default ul .sp-tab__nav-item a:hover .sp-tab__tab_title {\n\tcolor: #6e90ca;\n\ttransition: .3s;\n}\n\n#sp-tabpro-wrapper_12470.sp-tab__lay-default ul .sp-tab__nav-item:hover {\n\tbackground-color: #253165;\n}#sp-tabpro-wrapper_12470.sp-tab__lay-default .sp-tab__tab-content {\n\t\toverflow: hidden;\n\t}\n\t#sp-tabpro-wrapper_12470 .animated {\n\t\t-webkit-animation-duration: 500ms;\n\t\tanimation-duration: 500ms;\n\t}#sp-tabpro-wrapper_12470.sp-tab__lay-default .sp-tab__tab-content > .sp-tab__tab-pane {\n    border: px solid #cccccc;\n    padding-top: 20px;\n    padding-right: 20px;\n    padding-bottom: 20px;\n    padding-left: 20px;\n\t\tborder-top: 0px;\n\t\tbackground-color: #f7f9fa;\n\t}#sp-tabpro-wrapper_12470.sp-tab__lay-default ul .sp-tab__nav-item label:hover,\n\t#sp-tabpro-wrapper_12470.sp-tab__lay-default ul .sp-tab__nav-item a:hover {\n\t\tborder-bottom-color: transparent;\n\t}\n\n\t#sp-tabpro-wrapper_12470.sp-tab__lay-default .sp-tab__nav-tabs .sp-tab__nav-item {\n\t\tmargin-bottom: 0px;\n\t}#sp-tabpro-wrapper_12470.sp-tab__lay-default.sp-tab__default-vertical-left ul.sp-tab__nav {\n\t\t\tborder-right: 20px solid #ffffff;\n\t\t}@media(max-width:480px) {\n\t\t#sp-tabpro-wrapper_12470.sp-tab__lay-default li.sp-tab__nav-item {\n\t\t\twidth: 100%;\n\t\t\tmargin-right: 0px;\n\t\t}\n\t\t#sp-tabpro-wrapper_12470.sp-tab__lay-default li.sp-tab__nav-item:last-child {\n\t\t\tmargin-bottom: 1px;\n\t\t}}#sp-tabpro-wrapper_12470.sp-tab__lay-default ul .sp-tab__nav-item .sp-tab__tab_title {\n\tfont-family: Poppins;\n\tfont-weight: 500;\n\tfont-style: ;\n\ttext-align: left;\n\ttext-transform: none;\n\tfont-size: 14px;\n\tline-height: 20px;\n\tletter-spacing: 0px;\n\tcolor: #253165;\n}#sp-tabpro-wrapper_12470.sp-tab__lay-default ul .sp-tab__nav-item span.sp-tab__tab_subtitle {\n\t\tdisplay: none;\n\t}#sp-tabpro-wrapper_12470.sp-tab__lay-default .sp-tab__tab-content > .sp-tab__tab-pane {\n\tfont-family: Roboto;\n\tfont-weight: 300;\n\tfont-style: ;\n\ttext-align: left;\n\ttext-transform: none;\n\tfont-size: 14px;\n\tline-height: 24px;\n\tletter-spacing: 0px;\n\tcolor: #000000;\n}<\/style><\/span>[\/vc_column_text][vc_empty_space height=&#8220;40px&#8220;][vc_column_text]<\/p>\n<div class=\"cat_det_prod_tutto\">\n<div class=\"cat_det_prod_m\">\n<p><a href=\"https:\/\/zanatta.partcommunity.com?info=zanatta%2Fstandard%2Fdenti%5Fdritti%2Fqualita8%2Fq8%5Fsenza%5Ffori%2Eprj\" target=\"_blank\" rel=\"noopener\"><img loading=\"lazy\" decoding=\"async\" src=\"https:\/\/officinemeccanichezanatta.com\/wp-content\/uploads\/2021\/02\/ico_cat_elettronico.png\" alt=\"\" class=\"aligncenter size-full wp-image-11370\" width=\"211\" height=\"95\" \/><\/a><\/p>\n<p><a class=\"tagmanager-3d\" href=\"https:\/\/zanatta.partcommunity.com?info=zanatta%2Fstandard%2Fdenti%5Fdritti%2Fqualita8%2Fq8%5Fsenza%5Ffori%2Eprj\" _blank=\"\" rel=\"noopener\" target=\"_blank\">3D Design<\/a><\/p>\n<\/div>\n<div class=\"cat_det_prod_m\">\n<p><a href=\"https:\/\/officinemeccanichezanatta.com\/wp-content\/uploads\/2021\/02\/Cremagliere-in-qualita-10-a-denti-diritti-.pdf\" target=\"_blank\" rel=\"noopener\"><img loading=\"lazy\" decoding=\"async\" src=\"https:\/\/officinemeccanichezanatta.com\/wp-content\/uploads\/2021\/02\/ico_cat_cartaceo.png\" alt=\"\" class=\"aligncenter size-full wp-image-11368\" width=\"211\" height=\"95\" \/><\/a><\/p>\n<p><a href=\"https:\/\/officinemeccanichezanatta.com\/wp-content\/uploads\/2021\/02\/Cremagliere-in-qualita-10-a-denti-diritti-.pdf\" target=\"_blank\" rel=\"noopener\">Papierkatalog<\/a><\/p>\n<\/div>\n<\/div>\n<p>[\/vc_column_text][vc_empty_space height=&#8220;40px&#8220;][vc_column_text css=&#8220;.vc_custom_1612517833115{padding-top: 50px !important;padding-right: 5% !important;padding-bottom: 50px !important;padding-left: 5% !important;background-color: #253165 !important;}&#8220;]<\/p>\n<p class=\"title_form\">BITTE UM EIN KOSTENLOSES ANGEBOT<\/p>\n<p class=\"testo_form\">F\u00fcllen Sie das unten stehende Formular aus und geben Sie Ihre Anfrage an. Sie werden so schnell wie m\u00f6glich kontaktiert.<\/p>\n<div class=\"wpcf7 no-js\" id=\"wpcf7-f12485-o1\" lang=\"en-US\" dir=\"ltr\" data-wpcf7-id=\"12485\">\n<div class=\"screen-reader-response\"><p role=\"status\" aria-live=\"polite\" aria-atomic=\"true\"><\/p> <ul><\/ul><\/div>\n<form action=\"\/de\/wp-json\/wp\/v2\/product\/12367#wpcf7-f12485-o1\" method=\"post\" class=\"wpcf7-form init\" aria-label=\"Contact form\" enctype=\"multipart\/form-data\" novalidate=\"novalidate\" data-status=\"init\">\n<fieldset class=\"hidden-fields-container\"><input type=\"hidden\" name=\"_wpcf7\" value=\"12485\" \/><input type=\"hidden\" name=\"_wpcf7_version\" value=\"6.1\" \/><input type=\"hidden\" name=\"_wpcf7_locale\" value=\"en_US\" \/><input type=\"hidden\" name=\"_wpcf7_unit_tag\" value=\"wpcf7-f12485-o1\" \/><input type=\"hidden\" name=\"_wpcf7_container_post\" value=\"0\" \/><input type=\"hidden\" name=\"_wpcf7_posted_data_hash\" value=\"\" \/><input type=\"hidden\" name=\"_wpcf7_recaptcha_response\" value=\"\" \/>\n<\/fieldset>\n<div class=\"cf7-style-3\">\n\t<div class=\"name-wrap\">\n\t\t<p><span class=\"wpcf7-form-control-wrap\" data-name=\"your-name\"><input size=\"40\" maxlength=\"400\" class=\"wpcf7-form-control wpcf7-text wpcf7-validates-as-required\" aria-required=\"true\" aria-invalid=\"false\" placeholder=\"Vorname*\" value=\"\" type=\"text\" name=\"your-name\" \/><\/span>\n\t\t<\/p>\n\t<\/div>\n\t<div class=\"lastname-wrap\">\n\t\t<p><span class=\"wpcf7-form-control-wrap\" data-name=\"your-lastname\"><input size=\"40\" maxlength=\"400\" class=\"wpcf7-form-control wpcf7-text wpcf7-validates-as-required\" aria-required=\"true\" aria-invalid=\"false\" placeholder=\"Nachname*\" value=\"\" type=\"text\" name=\"your-lastname\" \/><\/span>\n\t\t<\/p>\n\t<\/div>\n\t<div class=\"phone-wrap\">\n\t\t<p><span class=\"wpcf7-form-control-wrap\" data-name=\"your-phone\"><input size=\"40\" maxlength=\"400\" class=\"wpcf7-form-control wpcf7-text wpcf7-validates-as-required\" aria-required=\"true\" aria-invalid=\"false\" placeholder=\"Telefon*\" value=\"\" type=\"text\" name=\"your-phone\" \/><\/span>\n\t\t<\/p>\n\t<\/div>\n\t<div class=\"email-wrap\">\n\t\t<p><span class=\"wpcf7-form-control-wrap\" data-name=\"your-email\"><input size=\"40\" maxlength=\"400\" class=\"wpcf7-form-control wpcf7-email wpcf7-validates-as-required wpcf7-text wpcf7-validates-as-email\" aria-required=\"true\" aria-invalid=\"false\" placeholder=\"Email*\" value=\"\" type=\"email\" name=\"your-email\" \/><\/span>\n\t\t<\/p>\n\t<\/div>\n\t<div class=\"firm-wrap\">\n\t\t<p><span class=\"wpcf7-form-control-wrap\" data-name=\"your-firm\"><input size=\"40\" maxlength=\"400\" class=\"wpcf7-form-control wpcf7-text wpcf7-validates-as-required\" aria-required=\"true\" aria-invalid=\"false\" placeholder=\"Firma*\" value=\"\" type=\"text\" name=\"your-firm\" \/><\/span>\n\t\t<\/p>\n\t<\/div>\n\t<div class=\"message-wrap\" style=\"margin-bottom: 20px;>\n\t\t<p><span class=\"wpcf7-form-control-wrap\" data-name=\"your-message\"><textarea cols=\"40\" rows=\"10\" maxlength=\"2000\" class=\"wpcf7-form-control wpcf7-textarea wpcf7-validates-as-required\" aria-required=\"true\" aria-invalid=\"false\" placeholder=\"Botschaft*\" name=\"your-message\"><\/textarea><\/span>\n\t\t<\/p>\n\t<\/div>\n\t<div class=\"allegato-wrap\">\n\t\t<p><span class=\"disegno\">F\u00fcgen Sie Ihre Zeichnung bei<\/span>\n\t\t<\/p>\n\t\t<p><span class=\"wpcf7-form-control-wrap\" data-name=\"allegato\"><input size=\"40\" class=\"wpcf7-form-control wpcf7-file\" accept=\".pdf,.txt,.doc,.jpg,.png\" aria-invalid=\"false\" type=\"file\" name=\"allegato\" \/><\/span>\n\t\t<\/p>\n\t<\/div>\n\t<div class=\"testo_privacy\">\n\t\t<p>Wir stellen, nachfolgend, die Informationen zur Verwendung der personenbezogenen Daten bereit, die Sie durch Ausf\u00fcllen dieses Formulars in \u00dcbereinstimmung mit den in der EU-Verordnung 2016\/679 festgelegten Regeln zum Schutz von Personen bei der Verarbeitung personenbezogener Daten und zum freien Datenverkehr (auch als DSGVO bekannt) angegeben haben. Die Daten \u00fcber Ihre Person, die Sie freiwillig durch Ausf\u00fcllen von Computerformularen angeben, werden ausschlie\u00dflich gesammelt, um den Kontakt mit dem Unternehmen zu erm\u00f6glichen und m\u00f6glicherweise den mit Ihnen abgeschlossenen Vertrag auszuf\u00fchren. Die Angabe der betreffenden Daten ist erforderlich. Ihre Weigerung w\u00fcrde es uns nicht erlauben, Ihnen das angeforderte Produkt \/ die angeforderte Dienstleistung zur Verf\u00fcgung zu stellen (was Sie m\u00f6glicherweise der Haftung wegen Vertragsverletzung aussetzen kann) und Ihre Anfrage zu bearbeiten. In unserer Einrichtung wird nur das Personal, das f\u00fcr die Durchf\u00fchrung von Datenverarbeitungsvorg\u00e4ngen verantwortlich ist, Zugriff zu den Daten haben, und zwar zu den oben genannten Zwecken. Wir erinnern Sie auch daran, dass Sie durch eine spezielle Anfrage an den f\u00fcr die Datenverarbeitung Verantwortlichen alle in den Artikeln 15 bis 22 der oben genannten EU-Verordnung vorgesehenen Rechte aus\u00fcben k\u00f6nnen, insbesondere das Recht, den Zugang zu und eine Kopie von personenbezogenen Daten zu beantragen (Artikel 15 der DSGVO), die Berichtigung (Artikel 16 der DSGVO) und L\u00f6schung (Artikel 17 der DSGVO) dieser Daten zu beantragen, die Einschr\u00e4nkung der Verarbeitung Sie betreffender Daten (Artikel 18 der DSGVO) und die Daten\u00fcbertragbarkeit (Artikel 20 DSGVO, sofern die Bedingungen erf\u00fcllt sind) zu beantragen und das Recht der Verarbeitung Sie betreffender Daten zu widersprechen (Artikel 21 und 22 DSGVO, bzg. der darin genannten F\u00e4llen und, insbesondere, der Verarbeitung zu Marketingzwecken oder solcher, die zu einer auf einer automatisierten Verarbeitung \u2013 einschlie\u03b2lich Profiling- beruhenden Entscheidung f\u00fchrt, die Ihnen gegen\u00fcber rechtliche Wirkung entfaltet, soweit die Bedingungen erf\u00fcllt sind). Wir erinnern Sie auch an Ihr Recht, diese Einwilligung jederzeit zu widerrufen, wenn die Verarbeitung auf einer Einwilligung beruht, unbeschadet der Rechtm\u00e4\u00dfigkeit der Verarbeitung aufgrund der vor dem Widerruf erteilten Einwilligung. Zu diesem Zweck k\u00f6nnen Sie sich jederzeit abmelden, indem Sie sich \u00fcber die auf der Website ver\u00f6ffentlichten Kontaktdaten an den f\u00fcr die Datenverarbeitung Verantwortlichen wenden. Wir informieren Sie auch \u00fcber das Recht, eine Beschwerde bei der Italienische Beh\u00f6rde f\u00fcr den Schutz personenbezogener Daten, als in Italien t\u00e4tige Aufsichtsbeh\u00f6rde einzureichen und sowohl gegen eine Entscheidung dieser Aufsichtsbeh\u00f6rde als auch gegen den f\u00fcr die Datenverarbeitung Verantwortlichen oder einen Auftragsverarbeiter gerichtlich vorzugehen.\n\t\t<\/p>\n\t<\/div>\n\t<div style=\"color: #fff; font-size: 13px; padding-top:14px;\">\n\t\t<p><span class=\"wpcf7-form-control-wrap\" data-name=\"accettazione\"><span class=\"wpcf7-form-control wpcf7-acceptance\"><span class=\"wpcf7-list-item\"><input type=\"checkbox\" name=\"accettazione\" value=\"1\" aria-invalid=\"false\" \/><\/span><\/span><\/span>\u00a0\u00a0Ich stimme der Behandlung meiner pers\u00f6nlichen Daten zu*\u00a0\u00a0-\u00a0\u00a0<span style=\"padding-left:0;\"><a href=\"https:\/\/officinemeccanichezanatta.com\/privacy-policy\" target=\"_blank\">(Privacy Policy)<\/a><\/span>\n\t\t<\/p>\n\t<\/div>\n\t<div class=\"submit-wrap\">\n\t\t<p><span><input class=\"wpcf7-form-control wpcf7-submit has-spinner\" type=\"submit\" value=\"SENDEN\" \/><\/span>\n\t\t<\/p>\n\t<\/div>\n<\/div><div class=\"wpcf7-response-output\" aria-hidden=\"true\"><\/div>\n<\/form>\n<\/div>\n[\/vc_column_text][\/vc_column_inner][vc_column_inner width=&#8220;1\/3&#8243;][vc_empty_space height=&#8220;10px&#8220;][vc_column_text css=&#8220;.vc_custom_1612513464133{background-color: #253165 !important;}&#8220;]<\/p>\n<div class=\"titolo_cremagliere\">Zahnstangen<\/div>\n<p>[\/vc_column_text][vc_empty_space height=&#8220;3px&#8220;][vc_widget_sidebar sidebar_id=&#8220;sidebarcremagliere&#8220; el_id=&#8220;sidebarcremagliere&#8220;][\/vc_column_inner][\/vc_row_inner][\/vc_column][\/vc_row][vc_row][vc_column][vc_column_text][\/vc_column_text][\/vc_column][\/vc_row]<\/p>\n","protected":false},"excerpt":{"rendered":"<p>Pr\u00e4zisionsgestell mit vollst\u00e4ndig gefr\u00e4sten Oberfl\u00e4chen und geschliffener Verzahnung, das einen guten Kompromiss zwischen Pr\u00e4zision und Wirtschaftlichkeit darstellt, der bei allen Anwendungen angezeigt wird, bei denen eine hervorragende Pr\u00e4zision bei geringen Kosten erforderlich ist.<\/p>\n","protected":false},"featured_media":11919,"template":"","meta":[],"product_brand":[],"product_cat":[124],"product_tag":[],"class_list":{"0":"post-12367","1":"product","2":"type-product","3":"status-publish","4":"has-post-thumbnail","6":"product_cat-qualita-8-de","8":"first","9":"instock","10":"shipping-taxable","11":"product-type-simple"},"_links":{"self":[{"href":"https:\/\/officinemeccanichezanatta.com\/de\/wp-json\/wp\/v2\/product\/12367","targetHints":{"allow":["GET"]}}],"collection":[{"href":"https:\/\/officinemeccanichezanatta.com\/de\/wp-json\/wp\/v2\/product"}],"about":[{"href":"https:\/\/officinemeccanichezanatta.com\/de\/wp-json\/wp\/v2\/types\/product"}],"wp:featuredmedia":[{"embeddable":true,"href":"https:\/\/officinemeccanichezanatta.com\/de\/wp-json\/wp\/v2\/media\/11919"}],"wp:attachment":[{"href":"https:\/\/officinemeccanichezanatta.com\/de\/wp-json\/wp\/v2\/media?parent=12367"}],"wp:term":[{"taxonomy":"product_brand","embeddable":true,"href":"https:\/\/officinemeccanichezanatta.com\/de\/wp-json\/wp\/v2\/product_brand?post=12367"},{"taxonomy":"product_cat","embeddable":true,"href":"https:\/\/officinemeccanichezanatta.com\/de\/wp-json\/wp\/v2\/product_cat?post=12367"},{"taxonomy":"product_tag","embeddable":true,"href":"https:\/\/officinemeccanichezanatta.com\/de\/wp-json\/wp\/v2\/product_tag?post=12367"}],"curies":[{"name":"wp","href":"https:\/\/api.w.org\/{rel}","templated":true}]}}